{"id":110,"date":"2026-03-28T13:14:44","date_gmt":"2026-03-28T13:14:44","guid":{"rendered":"http:\/\/transportegypte.com\/?page_id=110"},"modified":"2026-03-28T13:14:45","modified_gmt":"2026-03-28T13:14:45","slug":"acceuil","status":"publish","type":"page","link":"https:\/\/transportegypte.com\/","title":{"rendered":"Acceuil"},"content":{"rendered":"\n<figure class=\"wp-block-image size-large is-resized\"><img loading=\"lazy\" decoding=\"async\" width=\"1024\" height=\"1024\" src=\"http:\/\/transportegypte.com\/wp-content\/uploads\/2026\/03\/montgolfiere-1024x1024.jpg\" alt=\"\" class=\"wp-image-114\" style=\"width:500px;height:auto\" srcset=\"https:\/\/transportegypte.com\/wp-content\/uploads\/2026\/03\/montgolfiere-1024x1024.jpg 1024w, https:\/\/transportegypte.com\/wp-content\/uploads\/2026\/03\/montgolfiere-300x300.jpg 300w, https:\/\/transportegypte.com\/wp-content\/uploads\/2026\/03\/montgolfiere-150x150.jpg 150w, https:\/\/transportegypte.com\/wp-content\/uploads\/2026\/03\/montgolfiere-768x768.jpg 768w, https:\/\/transportegypte.com\/wp-content\/uploads\/2026\/03\/montgolfiere-12x12.jpg 12w, https:\/\/transportegypte.com\/wp-content\/uploads\/2026\/03\/montgolfiere-630x630.jpg 630w, https:\/\/transportegypte.com\/wp-content\/uploads\/2026\/03\/montgolfiere-60x60.jpg 60w, https:\/\/transportegypte.com\/wp-content\/uploads\/2026\/03\/montgolfiere.jpg 1080w\" sizes=\"auto, (max-width: 1024px) 100vw, 1024px\" \/><\/figure>\n\n\n\n<p>Voyagez l\u2019esprit tranquille en \u00c9gypte : agence d\u00e9clar\u00e9e, transferts priv\u00e9s et visites sur mesure.<\/p>\n\n\n\n\n\n\n\n\n","protected":false},"excerpt":{"rendered":"<p>Voyagez l\u2019esprit tranquille en \u00c9gypte : agence d\u00e9clar\u00e9e, transferts priv\u00e9s et visites sur mesure.<\/p>\n","protected":false},"author":1,"featured_media":0,"parent":0,"menu_order":0,"comment_status":"closed","ping_status":"closed","template":"","meta":{"footnotes":""},"class_list":["post-110","page","type-page","status-publish","hentry"],"yoast_head":"<!-- This site is optimized with the Yoast SEO plugin v27.5 - https:\/\/yoast.com\/product\/yoast-seo-wordpress\/ -->\n<title>Acceuil - Mena lovely travel<\/title>\n<meta name=\"robots\" content=\"index, follow, max-snippet:-1, max-image-preview:large, max-video-preview:-1\" \/>\n<link rel=\"canonical\" href=\"https:\/\/transportegypte.com\/\" \/>\n<meta property=\"og:locale\" content=\"fr_FR\" \/>\n<meta property=\"og:type\" content=\"article\" \/>\n<meta property=\"og:title\" content=\"Acceuil - Mena lovely travel\" \/>\n<meta property=\"og:description\" content=\"Voyagez l\u2019esprit tranquille en \u00c9gypte : agence d\u00e9clar\u00e9e, transferts priv\u00e9s et visites sur mesure.\" \/>\n<meta property=\"og:url\" content=\"https:\/\/transportegypte.com\/\" \/>\n<meta property=\"og:site_name\" content=\"Mena lovely travel\" \/>\n<meta property=\"article:publisher\" content=\"https:\/\/www.facebook.com\/share\/1GPdvnM1GJ\/\" \/>\n<meta property=\"article:modified_time\" content=\"2026-03-28T13:14:45+00:00\" \/>\n<meta property=\"og:image\" content=\"http:\/\/transportegypte.com\/wp-content\/uploads\/2026\/03\/montgolfiere-1024x1024.jpg\" \/>\n<meta name=\"twitter:card\" content=\"summary_large_image\" \/>\n<meta name=\"twitter:label1\" content=\"Dur\u00e9e de lecture estim\u00e9e\" \/>\n\t<meta name=\"twitter:data1\" content=\"1 minute\" \/>\n<script type=\"application\/ld+json\" class=\"yoast-schema-graph\">{\"@context\":\"https:\\\/\\\/schema.org\",\"@graph\":[{\"@type\":\"WebPage\",\"@id\":\"https:\\\/\\\/transportegypte.com\\\/\",\"url\":\"https:\\\/\\\/transportegypte.com\\\/\",\"name\":\"Acceuil - Mena lovely travel\",\"isPartOf\":{\"@id\":\"https:\\\/\\\/transportegypte.com\\\/#website\"},\"primaryImageOfPage\":{\"@id\":\"https:\\\/\\\/transportegypte.com\\\/#primaryimage\"},\"image\":{\"@id\":\"https:\\\/\\\/transportegypte.com\\\/#primaryimage\"},\"thumbnailUrl\":\"http:\\\/\\\/transportegypte.com\\\/wp-content\\\/uploads\\\/2026\\\/03\\\/montgolfiere-1024x1024.jpg\",\"datePublished\":\"2026-03-28T13:14:44+00:00\",\"dateModified\":\"2026-03-28T13:14:45+00:00\",\"breadcrumb\":{\"@id\":\"https:\\\/\\\/transportegypte.com\\\/#breadcrumb\"},\"inLanguage\":\"fr-FR\",\"potentialAction\":[{\"@type\":\"ReadAction\",\"target\":[\"https:\\\/\\\/transportegypte.com\\\/\"]}]},{\"@type\":\"ImageObject\",\"inLanguage\":\"fr-FR\",\"@id\":\"https:\\\/\\\/transportegypte.com\\\/#primaryimage\",\"url\":\"https:\\\/\\\/transportegypte.com\\\/wp-content\\\/uploads\\\/2026\\\/03\\\/montgolfiere.jpg\",\"contentUrl\":\"https:\\\/\\\/transportegypte.com\\\/wp-content\\\/uploads\\\/2026\\\/03\\\/montgolfiere.jpg\",\"width\":1080,\"height\":1080},{\"@type\":\"BreadcrumbList\",\"@id\":\"https:\\\/\\\/transportegypte.com\\\/#breadcrumb\",\"itemListElement\":[{\"@type\":\"ListItem\",\"position\":1,\"name\":\"Home\",\"item\":\"https:\\\/\\\/transportegypte.com\\\/\"},{\"@type\":\"ListItem\",\"position\":2,\"name\":\"Acceuil\"}]},{\"@type\":\"WebSite\",\"@id\":\"https:\\\/\\\/transportegypte.com\\\/#website\",\"url\":\"https:\\\/\\\/transportegypte.com\\\/\",\"name\":\"Mena lovely travel\",\"description\":\"Transports priv\u00e9s et excursions en \u00c9gypte, en toute confiance.\",\"publisher\":{\"@id\":\"https:\\\/\\\/transportegypte.com\\\/#organization\"},\"potentialAction\":[{\"@type\":\"SearchAction\",\"target\":{\"@type\":\"EntryPoint\",\"urlTemplate\":\"https:\\\/\\\/transportegypte.com\\\/?s={search_term_string}\"},\"query-input\":{\"@type\":\"PropertyValueSpecification\",\"valueRequired\":true,\"valueName\":\"search_term_string\"}}],\"inLanguage\":\"fr-FR\"},{\"@type\":\"Organization\",\"@id\":\"https:\\\/\\\/transportegypte.com\\\/#organization\",\"name\":\"Mena lovely travel\",\"url\":\"https:\\\/\\\/transportegypte.com\\\/\",\"logo\":{\"@type\":\"ImageObject\",\"inLanguage\":\"fr-FR\",\"@id\":\"https:\\\/\\\/transportegypte.com\\\/#\\\/schema\\\/logo\\\/image\\\/\",\"url\":\"http:\\\/\\\/transportegypte.com\\\/wp-content\\\/uploads\\\/2026\\\/03\\\/received_1043996067147649.png\",\"contentUrl\":\"http:\\\/\\\/transportegypte.com\\\/wp-content\\\/uploads\\\/2026\\\/03\\\/received_1043996067147649.png\",\"width\":2000,\"height\":2000,\"caption\":\"Mena lovely travel\"},\"image\":{\"@id\":\"https:\\\/\\\/transportegypte.com\\\/#\\\/schema\\\/logo\\\/image\\\/\"},\"sameAs\":[\"https:\\\/\\\/www.facebook.com\\\/share\\\/1GPdvnM1GJ\\\/\"]}]}<\/script>\n<!-- \/ Yoast SEO plugin. -->","yoast_head_json":{"title":"Acceuil - Mena lovely travel","robots":{"index":"index","follow":"follow","max-snippet":"max-snippet:-1","max-image-preview":"max-image-preview:large","max-video-preview":"max-video-preview:-1"},"canonical":"https:\/\/transportegypte.com\/","og_locale":"fr_FR","og_type":"article","og_title":"Acceuil - Mena lovely travel","og_description":"Voyagez l\u2019esprit tranquille en \u00c9gypte : agence d\u00e9clar\u00e9e, transferts priv\u00e9s et visites sur mesure.","og_url":"https:\/\/transportegypte.com\/","og_site_name":"Mena lovely travel","article_publisher":"https:\/\/www.facebook.com\/share\/1GPdvnM1GJ\/","article_modified_time":"2026-03-28T13:14:45+00:00","og_image":[{"url":"http:\/\/transportegypte.com\/wp-content\/uploads\/2026\/03\/montgolfiere-1024x1024.jpg","type":"","width":"","height":""}],"twitter_card":"summary_large_image","twitter_misc":{"Dur\u00e9e de lecture estim\u00e9e":"1 minute"},"schema":{"@context":"https:\/\/schema.org","@graph":[{"@type":"WebPage","@id":"https:\/\/transportegypte.com\/","url":"https:\/\/transportegypte.com\/","name":"Acceuil - Mena lovely travel","isPartOf":{"@id":"https:\/\/transportegypte.com\/#website"},"primaryImageOfPage":{"@id":"https:\/\/transportegypte.com\/#primaryimage"},"image":{"@id":"https:\/\/transportegypte.com\/#primaryimage"},"thumbnailUrl":"http:\/\/transportegypte.com\/wp-content\/uploads\/2026\/03\/montgolfiere-1024x1024.jpg","datePublished":"2026-03-28T13:14:44+00:00","dateModified":"2026-03-28T13:14:45+00:00","breadcrumb":{"@id":"https:\/\/transportegypte.com\/#breadcrumb"},"inLanguage":"fr-FR","potentialAction":[{"@type":"ReadAction","target":["https:\/\/transportegypte.com\/"]}]},{"@type":"ImageObject","inLanguage":"fr-FR","@id":"https:\/\/transportegypte.com\/#primaryimage","url":"https:\/\/transportegypte.com\/wp-content\/uploads\/2026\/03\/montgolfiere.jpg","contentUrl":"https:\/\/transportegypte.com\/wp-content\/uploads\/2026\/03\/montgolfiere.jpg","width":1080,"height":1080},{"@type":"BreadcrumbList","@id":"https:\/\/transportegypte.com\/#breadcrumb","itemListElement":[{"@type":"ListItem","position":1,"name":"Home","item":"https:\/\/transportegypte.com\/"},{"@type":"ListItem","position":2,"name":"Acceuil"}]},{"@type":"WebSite","@id":"https:\/\/transportegypte.com\/#website","url":"https:\/\/transportegypte.com\/","name":"Mena lovely travel","description":"Transports priv\u00e9s et excursions en \u00c9gypte, en toute confiance.","publisher":{"@id":"https:\/\/transportegypte.com\/#organization"},"potentialAction":[{"@type":"SearchAction","target":{"@type":"EntryPoint","urlTemplate":"https:\/\/transportegypte.com\/?s={search_term_string}"},"query-input":{"@type":"PropertyValueSpecification","valueRequired":true,"valueName":"search_term_string"}}],"inLanguage":"fr-FR"},{"@type":"Organization","@id":"https:\/\/transportegypte.com\/#organization","name":"Mena lovely travel","url":"https:\/\/transportegypte.com\/","logo":{"@type":"ImageObject","inLanguage":"fr-FR","@id":"https:\/\/transportegypte.com\/#\/schema\/logo\/image\/","url":"http:\/\/transportegypte.com\/wp-content\/uploads\/2026\/03\/received_1043996067147649.png","contentUrl":"http:\/\/transportegypte.com\/wp-content\/uploads\/2026\/03\/received_1043996067147649.png","width":2000,"height":2000,"caption":"Mena lovely travel"},"image":{"@id":"https:\/\/transportegypte.com\/#\/schema\/logo\/image\/"},"sameAs":["https:\/\/www.facebook.com\/share\/1GPdvnM1GJ\/"]}]}},"brizy_media":[],"_links":{"self":[{"href":"https:\/\/transportegypte.com\/index.php?rest_route=\/wp\/v2\/pages\/110","targetHints":{"allow":["GET"]}}],"collection":[{"href":"https:\/\/transportegypte.com\/index.php?rest_route=\/wp\/v2\/pages"}],"about":[{"href":"https:\/\/transportegypte.com\/index.php?rest_route=\/wp\/v2\/types\/page"}],"author":[{"embeddable":true,"href":"https:\/\/transportegypte.com\/index.php?rest_route=\/wp\/v2\/users\/1"}],"replies":[{"embeddable":true,"href":"https:\/\/transportegypte.com\/index.php?rest_route=%2Fwp%2Fv2%2Fcomments&post=110"}],"version-history":[{"count":1,"href":"https:\/\/transportegypte.com\/index.php?rest_route=\/wp\/v2\/pages\/110\/revisions"}],"predecessor-version":[{"id":126,"href":"https:\/\/transportegypte.com\/index.php?rest_route=\/wp\/v2\/pages\/110\/revisions\/126"}],"wp:attachment":[{"href":"https:\/\/transportegypte.com\/index.php?rest_route=%2Fwp%2Fv2%2Fmedia&parent=110"}],"curies":[{"name":"wp","href":"https:\/\/api.w.org\/{rel}","templated":true}]}}